{"id":93,"date":"2014-08-22T21:11:47","date_gmt":"2014-08-22T21:11:47","guid":{"rendered":"http:\/\/www.jyogitestlink.in\/piyano\/?page_id=93"},"modified":"2024-11-04T16:50:43","modified_gmt":"2024-11-04T16:50:43","slug":"uber-mich","status":"publish","type":"page","link":"https:\/\/anna-heller.com\/en\/uber-mich\/","title":{"rendered":"About me"},"content":{"rendered":"<\/p>\n\n\nMusik ist f\u00fcr mich Emotionen ohne Worte. \nAuf meiner Webseite m\u00f6chte ich Sie in meine Welt der Klaviermusik entf\u00fchren.\n\nLassen Sie sich von meinen Visionen, meinem Repertoire und meinen Projekten inspirieren. Haben Sie Fragen oder Interesse an einer Zusammenarbeit? Ich freue mich darauf, von Ihnen zu h\u00f6ren!\n\nIch w\u00fcnsche Ihnen viel Freude beim Entdecken meiner Webseite!\nIhre\nAnna Heller\n\n\n<p>","protected":false},"excerpt":{"rendered":"<p>Musik ist f\u00fcr mich Emotionen ohne Worte. Auf meiner Webseite m\u00f6chte ich Sie in meine Welt der Klaviermusik entf\u00fchren. Lassen Sie sich von meinen &hellip;<\/p>\n","protected":false},"author":1,"featured_media":0,"parent":0,"menu_order":0,"comment_status":"open","ping_status":"open","template":"","meta":{"footnotes":""},"class_list":["post-93","page","type-page","status-publish","hentry","no-format","no-excerpt"],"translation":{"provider":"WPGlobus","version":"2.8.11","language":"en","enabled_languages":["de","en"],"languages":{"de":{"title":true,"content":true,"excerpt":false},"en":{"title":true,"content":true,"excerpt":false}}},"_links":{"self":[{"href":"https:\/\/anna-heller.com\/en\/wp-json\/wp\/v2\/pages\/93","targetHints":{"allow":["GET"]}}],"collection":[{"href":"https:\/\/anna-heller.com\/en\/wp-json\/wp\/v2\/pages"}],"about":[{"href":"https:\/\/anna-heller.com\/en\/wp-json\/wp\/v2\/types\/page"}],"author":[{"embeddable":true,"href":"https:\/\/anna-heller.com\/en\/wp-json\/wp\/v2\/users\/1"}],"replies":[{"embeddable":true,"href":"https:\/\/anna-heller.com\/en\/wp-json\/wp\/v2\/comments?post=93"}],"version-history":[{"count":29,"href":"https:\/\/anna-heller.com\/en\/wp-json\/wp\/v2\/pages\/93\/revisions"}],"predecessor-version":[{"id":2434,"href":"https:\/\/anna-heller.com\/en\/wp-json\/wp\/v2\/pages\/93\/revisions\/2434"}],"wp:attachment":[{"href":"https:\/\/anna-heller.com\/en\/wp-json\/wp\/v2\/media?parent=93"}],"curies":[{"name":"wp","href":"https:\/\/api.w.org\/{rel}","templated":true}]}}