{"id":18,"date":"2014-08-29T10:46:55","date_gmt":"2014-08-29T10:46:55","guid":{"rendered":"http:\/\/localhost\/piano\/?page_id=18"},"modified":"2026-03-31T09:54:02","modified_gmt":"2026-03-31T09:54:02","slug":"termine","status":"publish","type":"page","link":"https:\/\/anna-heller.com\/en\/termine\/","title":{"rendered":"Termine"},"content":{"rendered":"\n<figure class=\"wp-block-table\"><table><tbody><tr><td><strong>Termine<\/strong><\/td><td><strong>Veranstaltung<\/strong><\/td><td><strong>Ort<\/strong><\/td><\/tr><tr><td>13.10.2026 20:00 Uhr<\/td><td>Klavierabend &#8220;Klassik f\u00fcr die Sinne&#8221; <\/td><td>Norddorfer Gemeindehaus, Henershuuch 5, 25946 Norddorf<\/td><\/tr><tr><td>07.10.2026<br>20:00 <\/td><td>Zeitreise am Klavier &#8211; Teil 3 Romantik <a href=\"https:\/\/tickets.muenchenticket.de\/shop\/214\/link\/category\/34571\">https:\/\/tickets.muenchenticket.de\/shop\/214\/link\/category\/34571<\/a> <\/td><td>Silbersaal, Deutsches Theater M\u00fcnchen Betriebs-GmbH<br>Schwanthalerstra\u00dfe 13<br>80336 M\u00fcnchen<\/td><\/tr><tr><td>10.07.2026 19:00<\/td><td><strong>Anime Piano Nights \u2013<\/strong> Die Magie der Anime-Soundtracks am Klavier<\/td><td>KulturBunt Neuperlach e.V.<br>Albert-Schweitzer-Stra\u00dfe 62 81735 M\u00fcnchen<\/td><\/tr><tr><td>04.07.2026 21:30<\/td><td>Candlelight: Tribut an Linkin Park&nbsp;<\/td><td>Kleiner Goldener Saal, Augsburg<\/td><\/tr><tr><td>03.07.2026 21:30 <\/td><td>&nbsp;Candlelight: Das Beste von Ludovico Einaudi <\/td><td>Kleiner Goldener Saal, Augsburg<\/td><\/tr><tr><td>28.06.2026 11:00 <\/td><td>&#8220;Bl\u00fctenkl\u00e4nge&#8221; &#8211; Japanische Klavierwerke <\/td><td>Streitfeld Atelier, M\u00fcnchen<\/td><\/tr><tr><td>23.05.2026 21:00<\/td><td>Candlelight: Tribut an Linkin Park&nbsp;<\/td><td>Kleiner Goldener Saal, Jesuitengasse 12, 86152 Augsburg<\/td><\/tr><tr><td>22.05.2026 21:00<\/td><td>Candlelight: Das Beste von Ludovico Einaudi&nbsp;<\/td><td>Kleiner Goldener Saal, Jesuitengasse 12, 86152 Augsburg<\/td><\/tr><tr><td>06.05.2026<br>20:00<\/td><td>Zeitreise am Klavier &#8211; Teil 2 Wiener Klassik <a href=\"https:\/\/tickets.muenchenticket.de\/shop\/214\/link\/category\/34570\">https:\/\/tickets.muenchenticket.de\/shop\/214\/link\/category\/34570<\/a><\/td><td>Silbersaal, Deutsches Theater M\u00fcnchen Betriebs-GmbH<br>Schwanthalerstra\u00dfe 13<br>80336 M\u00fcnchen<\/td><\/tr><tr><td>12.05.2026 19:00<\/td><td>Eintauchen: Peaceful Piano Music, die ber\u00fchrt <\/td><td>St Andreas Kirche, Zenettistra\u00dfe 46, M\u00fcnchen<\/td><\/tr><tr><td>09.05.2026 20:45 &amp; 23:00<\/td><td>Lange Nacht der Musik. Mit Katharina Volkmer (Fl\u00f6te) &nbsp;&#8220;Irish Melodies \u2013 Irische Klanglandschaften&#8221;<\/td><td>St. Markus Kirche M\u00fcnchen<br>Gabelsbergerstra\u00dfe 6, M\u00fcnchen-Maxvorstadt, 80333<\/td><\/tr><tr><td>02.05.2026 15:30 <\/td><td>\u201eRosemarie Trockel: Jenseits von Mythen der Weiblichkeit\u201c \u2013 Das Ewige im Jetzt Lola Perrin Suite VI &#8220;Where is me&#8221;<\/td><td>St. Markus Kirche M\u00fcnchen<br>Gabelsbergerstra\u00dfe 6, M\u00fcnchen-Maxvorstadt, 80333<\/td><\/tr><tr><td>22.04.2026 19:30<\/td><td>Eintauchen: Peaceful Piano Music, die ber\u00fchrt <a href=\"https:\/\/rausgegangen.de\/events\/peaceful-piano-music-die-beruhrt-2\/\">https:\/\/rausgegangen.de\/events\/peaceful-piano-music-die-beruhrt-2\/<\/a><\/td><td>Jugendkirche &#8220;Zum Guten Hirten&#8221;M\u00fcnchen<\/td><\/tr><tr><td>21.04.2026 19:00<\/td><td>Sichtbar.Verkn\u00fcpft.Frei &#8211; 100 Jahre GEDOK 2026 Vernissage mit Klavier Performance <a href=\"https:\/\/www.in-muenchen.de\/events\/musikperformance-in-sichtbar-verknupft-frei.html\">https:\/\/www.in-muenchen.de\/events\/musikperformance-in-sichtbar-verknupft-frei.html<\/a><\/td><td>DG Kunstraum, Finkenstra\u00dfe 4, 80333 M\u00fcnchen<\/td><\/tr><tr><td>14.04.2026 19:00<\/td><td>Eintauchen: Peaceful Piano Music, die ber\u00fchrt <a href=\"https:\/\/zentrale.events\/dorf\/subevents\/600142c7-1338-4333-b30e-e420aed659c0\/overview\">https:\/\/zentrale.events\/dorf\/subevents\/600142c7-1338-4333-b30e-e420aed659c0\/overview<\/a><\/td><td>St Andreas Kirche, Zenettistra\u00dfe 46, M\u00fcnchen<\/td><\/tr><tr><td>08.04 &#8211; 11.04.2026<\/td><td>Classical:NEXT <a href=\"https:\/\/classicalnext.com\/event\/new-horizons-at-40-i\/\">https:\/\/classicalnext.com\/event\/new-horizons-at-40-i\/<\/a> Mentoring sessions: &#8220;Career Development, Confidence &amp; Reinvention Beyond Youth Focus&#8221;<\/td><td>Budapest, Hungary<\/td><\/tr><tr><td>27.03.2026 ab 16 Uhr <\/td><td>CATropolis <\/td><td>FatCat (ehemaliger Gasteig) <\/td><\/tr><tr><td>24.03.2026 19:00<\/td><td>Eintauchen: Peaceful Piano Music, die ber\u00fchrt <\/td><td>St Andreas Kirche, Zenettistra\u00dfe 46, M\u00fcnchen<\/td><\/tr><tr><td>20.03.2026 20:00<\/td><td><strong>Gustav Holst &#8211; <\/strong>Die Planeten (Celesta) Patentorchester M\u00fcnchen &#8211; Der Tonraum &#8211; unendliche Weiten<br>Leitung: Folko Jungnitsch <\/td><td>Herkulessaal, M\u00fcnchen<\/td><\/tr><tr><td>12.03.2026<\/td><td>Festakt: Promotionszentrumser\u00f6ffnung&nbsp;<\/td><td>Katholische Stiftungshochschule, Preysingstr. 95<\/td><\/tr><tr><td>11.03.2026<br>20:00 <\/td><td>Zeitreise am Klavier &#8211; Teil 1 Barock <\/td><td>Silbersaal, Deutsches Theater M\u00fcnchen Betriebs-GmbH<br>Schwanthalerstra\u00dfe 13<br>80336 M\u00fcnchen<\/td><\/tr><tr><td>27.02.2026<\/td><td><a href=\"https:\/\/feverup.com\/m\/138476\">https:\/\/feverup.com\/m\/138476<\/a> Tributes Candlelight: <strong>Ludovico Einaudi <\/strong>&amp; <strong>Linkin Park<\/strong><\/td><td>Wittelsbacher Schloss Friedberg<\/td><\/tr><tr><td>22.02.2026<\/td><td><strong>Candlelight<\/strong> Concerts Fever: Tribute to Elton John <a href=\"https:\/\/feverup.com\/m\/431460\">https:\/\/feverup.com\/m\/431460<\/a><\/td><td>Stuttgart, Marmorsaal<\/td><\/tr><tr><td>20.02.2026<\/td><td>Tributes Candlelight: <strong>Ludovico Einaudi <\/strong>&amp; <strong>Linkin Park<\/strong><br><a href=\"https:\/\/feverup.com\/m\/359873\">https:\/\/feverup.com\/m\/359873<\/a><\/td><td>Schloss Dachau<\/td><\/tr><tr><td>18\/19.02.2026<\/td><td>GWS-Forum 2026 Transformation \u2013 wohin denn jetzt? Wege \u2013 Perspektiven \u2013 R\u00e4ume. &#8220;Creativity Break&#8221;<\/td><td>Oberursel<\/td><\/tr><tr><td>06.02.2026 <\/td><td><strong>Tributes Candlelight<\/strong>: Ludovico Einaudi &amp; Linkin Park <a href=\"https:\/\/feverup.com\/m\/492594\">https:\/\/feverup.com\/m\/492594<\/a> &amp; <a href=\"https:\/\/feverup.com\/m\/492588\">https:\/\/feverup.com\/m\/492588<\/a><\/td><td>Regensburg, Niederm\u00fcnsterkirche<\/td><\/tr><tr><td>31.01.2026 <\/td><td><strong>Candlelight<\/strong> Concerts Fever: Tribute to Elton John &amp; From Mozart to Chopin <a href=\"https:\/\/feverup.com\/m\/404465\">https:\/\/feverup.com\/m\/404465<\/a> &amp; <a href=\"https:\/\/feverup.com\/m\/268265\">https:\/\/feverup.com\/m\/268265<\/a><\/td><td>Schloss Dachau<\/td><\/tr><tr><td>27.01.2026 19:00<\/td><td>Ruhe Geniessen<\/td><td>Giesinger Bahnhof Kulturzentrum<\/td><\/tr><tr><td>16.01.2026<\/td><td><strong>Tributes Candlelight<\/strong>: Ludovico Einaudi &amp; Linkin Park<\/td><td>Wittelsbacher Schloss Friedberg<\/td><\/tr><tr><td>15.01.2026<\/td><td><strong>Candlelight<\/strong> Concerts Fever: Tribute to Elton John &amp; Mozart vs Beethoven<\/td><td>Wittelsbacher Schloss Friedberg<\/td><\/tr><tr><td>11.01.2026 18:00<\/td><td>Offene Tore: Wort &#8211; Musik Improvisationen <strong>Augenblicke Kurzfilme ausgew\u00e4hlt vom Kath. Filmwerk<\/strong><\/td><td>Herz Jesu Kirche<\/td><\/tr><tr><td>09.01.2026 <\/td><td><strong>Candlelight<\/strong> Concerts Fever: Tribute to Elton John <a href=\"https:\/\/feverup.com\/m\/431460\">https:\/\/feverup.com\/m\/431460<\/a><\/td><td>Stuttgart, Marmorsaal<\/td><\/tr><tr><td>18.12.2025 20:00 Uhr<\/td><td><strong>Anime Piano Nights \u2013<\/strong> Die Magie der Anime-Soundtracks am Klavier<\/td><td>KulturBunt Neuperlach e.V.<br>Albert-Schweitzer-Stra\u00dfe 62 81735 M\u00fcnchen<\/td><\/tr><tr><td>12.12.2025 <\/td><td><strong>Tributes Candlelight<\/strong>: Ludovico Einaudi &amp; Linkin Park <a href=\"https:\/\/feverup.com\/m\/194282\">https:\/\/feverup.com\/m\/194282<\/a><\/td><td>Wittelsbacher Schloss Friedberg<\/td><\/tr><tr><td>05.12.2025<\/td><td>Klavierabend <strong>&#8220;Klassik f\u00fcr die Sinne&#8221; <\/strong><\/td><td>geschlossene Veranstaltung<\/td><\/tr><tr><td>28.11.2025 <br>19:30 <\/td><td><strong>Echoes of the Monastery<\/strong> &#8211; Gregorianik neu am Klavier interpretiert <\/td><td>Abtei Venio OSB<br>D\u00f6llingerstr. 32 M\u00fcnchen<\/td><\/tr><tr><td>26.11.2025<\/td><td><strong>Radikal kreativ<\/strong> \u2013 trau dich! Starke Impulse aus dem Universum der Kultur Session bei <strong>Change Congress 2025<\/strong> <a href=\"https:\/\/live.handelsblatt.com\/event\/change-congress\/programm\/\">https:\/\/live.handelsblatt.com\/event\/change-congress\/programm\/<\/a><\/td><td>Grand Hall Zollverein GmbH, Essen<\/td><\/tr><tr><td>21.11.2025<\/td><td>Klavierabend <strong>&#8220;Klassik f\u00fcr die Sinne&#8221; <\/strong><\/td><td>geschlossene Veranstaltung <\/td><\/tr><tr><td>11.11.2025 <br>20:00<\/td><td>&#8220;Ruhe geniessen&#8221; &#8211; peaceful piano music <\/td><td>St Andreas Kirche, Zenettistra\u00dfe 46, M\u00fcnchen<\/td><\/tr><tr><td>31.10.2025 18:00 <\/td><td>Tributes Candlelight: <strong>Ludovico Einaudi <\/strong>&amp; <strong>Linkin Park<\/strong> <br><a href=\"https:\/\/feverup.com\/m\/360154\">https:\/\/feverup.com\/m\/360154<\/a><\/td><td>Schloss Dachau<\/td><\/tr><tr><td>18.10.2025 19:30 <\/td><td>Klavierabend <strong>&#8220;Klassik in Blue&#8221;&nbsp;<\/strong><a href=\"https:\/\/www.mvhs.de\/kurse\/460-C-V125105\">https:\/\/www.mvhs.de\/kurse\/460-C-V125105<\/a><\/td><td>B\u00fchne 23 &#8211; M\u00fcnchen Allach<\/td><\/tr><tr><td>14.10.2025 <br>20:00<\/td><td>&#8220;Ruhe geniessen&#8221; &#8211; peaceful piano music <\/td><td>St Andreas Kirche, Zenettistra\u00dfe 46, M\u00fcnchen<\/td><\/tr><tr><td>11.10.2025 <br>19:00<\/td><td>Klavierabend <strong>&#8220;Klassik in Blue&#8221;&nbsp;<\/strong><\/td><td>Emsphilharmonie, Lingen<\/td><\/tr><tr><td>03.10.2025 <\/td><td>Klavierabend &#8220;Klassik in Blue&#8221; <\/td><td>geschlossene Veranstaltung<\/td><\/tr><tr><td>02.10.2025<br>10:15 <\/td><td>Kirche Vaterstetten | Marktmusik | Irische Musik (Fl\u00f6te &amp; Klavier)<\/td><td>M\u00f6schenfelder Str. 26, 85591 Vaterstetten<\/td><\/tr><tr><td>20.09.2025<\/td><td>Sunset Hour Konzert<\/td><td>geschlossene Veranstaltung<\/td><\/tr><tr><td>16.09.2025<br>20:00 <\/td><td>&#8220;Ruhe geniessen&#8221; &#8211; peaceful piano music <\/td><td>St Andreas Kirche, Zenettistra\u00dfe 46, M\u00fcnchen<\/td><\/tr><tr><td>06.09.2025 <br>19:00 <\/td><td>Klavierabend \u201e<strong>Aquarelle\u201c<\/strong> im Rahmen des 5. internationalen Klavierfestivals 2025<\/td><td>Atelier 29, <a href=\"https:\/\/www.google.com\/maps\/place\/\/data=!4m2!3m1!1s0x47964f358b344cbb:0xe173d0444a7b784a?sa=X&amp;ved=1t:8290&amp;ictx=111\"><\/a><a href=\"https:\/\/www.google.com\/maps\/place\/\/data=!4m2!3m1!1s0x47964f358b344cbb:0xe173d0444a7b784a?sa=X&amp;ved=1t:8290&amp;ictx=111\">Weinstra\u00dfe 29, 76835 Hainfeld<\/a><\/td><\/tr><tr><td>30.08.2025<br>20:00 <\/td><td><strong>Candlelight<\/strong> Concerts Fever: Tribute to Einaudi<\/td><td>Kleiner Goldener Saal, Jesuitengasse 12, 86152 Augsburg<\/td><\/tr><tr><td>24.07.2025 16:15<\/td><td>Verabschiedung von Prof. Hubertus Kohle LMU<\/td><td>Gro\u00dfe Aula der Ludwig-Maximilians-Universit\u00e4t M\u00fcnchen<\/td><\/tr><tr><td>19.07.2025 <\/td><td><strong>Candlelight<\/strong> Concerts Fever: Tribute to Linkin Park<\/td><td>Kleiner Goldener Saal, Jesuitengasse 12, 86152 Augsburg<\/td><\/tr><tr><td>17.07.2025 16:30 <\/td><td><strong>BAROCCISM<\/strong><br>musik und texte des barock \u00fcber das GL\u00dcCK<br><\/td><td>Murnau RATHAUSGALERIE, untermarkt 13<\/td><\/tr><tr><td>13.07.2025 <br>18:00<\/td><td>Dance 2025 &#8211; Open Air (Klavier, Celesta) <br><strong>Bernstein<\/strong>, <strong>Schostakowitch<\/strong>, <strong>Ravel<\/strong><br>Patentorchester M\u00fcnchen<br>Leitung: Folko Jungnitsch<\/td><td>B\u00fcrgerhaus Unterf\u00f6hring<\/td><\/tr><tr><td>11.07.2025<br><\/td><td><strong>Candlelight<\/strong> Concerts Fever: Tribute to Ludovico Einaudi &amp; Linkin Park<\/td><td>Max-Joseph Saal, Residenzstr. 1, M\u00fcnchen 80333<\/td><\/tr><tr><td>22.06.2025<br><\/td><td><strong>Candlelight<\/strong> Concerts Fever: Tribute to Linkin Park &amp; Ludovico Einaudi<\/td><td>Max-Joseph Saal, Residenzstr. 1, M\u00fcnchen 80333<\/td><\/tr><tr><td>28.05.2025 <br><\/td><td><strong>Candlelight<\/strong> Concerts Fever: Tribute to Linkin Park &amp; Ludovico Einaudi<\/td><td>Max-Joseph Saal, Residenzstr. 1, M\u00fcnchen 80333<\/td><\/tr><tr><td>22.05.2025 19:00 Uhr <\/td><td>vernissage Gedok \u201ePerspektiven \/ wechsel\u201c mit Klaviermusik von Komponistinnen <\/td><td>Akademie f\u00fcr Politische Bildung, Tutzing <\/td><\/tr><tr><td>20.05.2025<br>20:00 Uhr <\/td><td>Echoes of the Monastery &#8211; Kl\u00e4nge der Klarheit mit Gregorianischen Klavierwerken<\/td><td>St Andreas Kirche, Zenettistra\u00dfe 46, M\u00fcnchen<\/td><\/tr><tr><td>15.05.2025<br>20 Uhr <\/td><td><strong>Hommage an<\/strong> <strong>Sofia Gubaidulina<\/strong>. <\/td><td>Schwere Reiter<br>Dachauer Stra\u00dfe 114a, 80636 M\u00fcnchen <\/td><\/tr><tr><td>11.05.2025<br>17:00 Uhr <\/td><td><strong>Frauenwelten<\/strong>. Von den zeitlosen Melodien von Clara Schumann bis zu den zeitgen\u00f6ssischen Kompositionen <br><\/td><td>Mohrvilla, Situlistra\u00dfe 73-75<br>80939 Mu\u0308nchen<\/td><\/tr><tr><td>10.05.2025<br><\/td><td><strong>Lange Nacht der Musik<\/strong>: &#8220;Schlicht und Rein \u2013 Klavierkl\u00e4nge im gregorianischen Stil&#8221; 30 min &amp; <br>&#8220;Bl\u00fctenkl\u00e4nge&#8221;\u2013 japanische Meditationen mit Katharina Volkmer, Fl\u00f6te<\/td><td>St. Markus Kirche M\u00fcnchen<br>Gabelsbergerstra\u00dfe 6, M\u00fcnchen-Maxvorstadt, 80333<\/td><\/tr><tr><td>09.05.2025<\/td><td><strong>Sunset Hour<\/strong> mit ruhigen Klaviermusik <\/td><td><\/td><\/tr><tr><td>18.04.2025<\/td><td>Klavierabend am Karfreitag<\/td><td><\/td><\/tr><tr><td>11.04.2025<br><\/td><td><strong>Candlelight<\/strong> Concerts Fever: Elton John &amp; From Mozart to Chopin&nbsp;<\/td><td>Max-Joseph Saal, Residenzstr. 1, M\u00fcnchen 80333<\/td><\/tr><tr><td>10.04.2025<br><\/td><td><strong>Candlelight<\/strong> Concerts Fever: Tribute to Linkin Park &amp; Ludovico Einaudi<\/td><td>Max-Joseph Saal, Residenzstr. 1, M\u00fcnchen 80333<\/td><\/tr><tr><td>05.04.2025 19:30 Uhr<\/td><td>Mozart: Klaviertrio B-Dur KV 502<br>Mendelssohn: Drei Lieder ohne Worte<br>C. Schumann: Klaviertrio g-moll op.17<br>Maria Andersohn (Violine), Oleksandr Piriyev (Cello)<\/td><td>Movimento, Neuhauserstrasse 15, M\u00fcnchen <\/td><\/tr><tr><td>04.04.2025 15:00 Uhr<\/td><td>&#8220;Schlicht und Rein \u2013 Klavierkl\u00e4nge im gregorianischen Stil&#8221; <\/td><td>Akustik Stage, Messe N\u00fcrnberg<\/td><\/tr><tr><td>30.03.2025 18:00 Uhr<\/td><td>&#8220;Der Welt abhanden gekommen&#8221; Rachmaninoff Klavierkonzert Nr 4, 2 Satz und mehr  Leitung: Michael Roth<\/td><td>St. Markus Kirche M\u00fcnchen<br>Gabelsbergerstra\u00dfe 6, M\u00fcnchen-Maxvorstadt, 80333<\/td><\/tr><tr><td>27.03.2025 10:15 Uhr <\/td><td>Kirche Vaterstetten | Marktmusik | Japanische Komponisten (Fl\u00f6te &amp; Klavier)<\/td><td>M\u00f6schenfelder Str. 26, 85591 Vaterstetten<\/td><\/tr><tr><td>11.03.2025<\/td><td><strong>Candlelight<\/strong> Concerts Fever: Tribute to Linkin Park &amp; Ludovico Einaudi<\/td><td>Kleiner Goldener Saal, Jesuitengasse 12, 86152 Augsburg<\/td><\/tr><tr><td>07.03.2025<\/td><td><strong>Klassik f\u00fcr die Sinne <\/strong>Piano Recital<\/td><td><\/td><\/tr><tr><td>05.03.2025<\/td><td>Klavierkonzert &#8220;Nach Vier Jahreszeiten Motiven&#8221;mit der immersiven Show &#8220;Enlightenment&#8221; <br><a href=\"https:\/\/feverup.com\/m\/270450\"> https:\/\/feverup.com\/m\/270450<\/a><\/td><td>St. Markus Kirche M\u00fcnchen<br>Gabelsbergerstra\u00dfe 6, M\u00fcnchen-Maxvorstadt, 80333<\/td><\/tr><tr><td>26.02.2025<br><\/td><td><strong>Candlelight<\/strong> Concerts Fever: Tribute to Linkin Park &amp; Ludovico Einaudi<\/td><td>Max-Joseph Saal, Residenzstr. 1, M\u00fcnchen 80333<\/td><\/tr><tr><td>21.02.2025<\/td><td><strong>Klassik f\u00fcr die Sinne <\/strong>Piano Recital<\/td><td><\/td><\/tr><tr><td>13.02.2025 <\/td><td><strong>Candlelight<\/strong> Concerts Fever: Tribute to Linkin Park &amp; Ludovico Einaudi <\/td><td>Kleiner Goldener Saal, Jesuitengasse 12, 86152 Augsburg<\/td><\/tr><tr><td>11.02.2025<\/td><td>Musikalisch-literarischer Salon \u201e<strong>\u00c9milie du Ch\u00e2telet <\/strong>oder Die Liebe zur Wissenschaft\u201c<\/td><td>geschlossene Veranstaltung<\/td><\/tr><tr><td>07.02.2025 <\/td><td><strong>Candlelight<\/strong> Concerts Fever: From Mozart to Chopin&nbsp;&amp; Bruno Mars<\/td><td>Schloss Dachau<\/td><\/tr><tr><td>24.01.2025<\/td><td><strong>Klassik f\u00fcr die Sinne <\/strong>Piano Recital<br><\/td><td>private<\/td><\/tr><tr><td>22.01.2025<br><\/td><td><strong>Candlelight<\/strong> Concerts Fever: Tribute to Linkin Park <\/td><td>Max-Joseph Saal, Residenzstr. 1, M\u00fcnchen 80333<\/td><\/tr><tr><td>21.01.2025<br><\/td><td><strong>Candlelight<\/strong> Concerts Fever: Tribute to Einaudi <\/td><td>Max-Joseph Saal, Residenzstr. 1, M\u00fcnchen 80333<\/td><\/tr><tr><td>18.01.2025 <br>20:00 Uhr <\/td><td><strong>Klassik f\u00fcr die Sinne<\/strong>. Mit Jutta Winter (Akkordeon) <\/td><td>Kulturhof<br><code>Klosterstra\u00dfe 22 84562 Mettenheim<\/code><\/td><\/tr><tr><td>09.01.2025<br><\/td><td><strong>Candlelight<\/strong> Concerts Fever: Tribute to QUEEN &amp; Coldplay<br><\/td><td>Kleiner Goldener Saal, Jesuitengasse 12, 86152 Augsburg<\/td><\/tr><tr><td>11.07.2024 <br>19:00 Uhr <\/td><td>Klavierabend <strong>&#8220;Klassik in Blue&#8221;<\/strong> Gershwin &#8211; Scott &#8211; Bernstein Ravel &#8211; Weill &#8211; Schostakovitch <a href=\"https:\/\/www.parksommer.de\">https:\/\/www.parksommer.de<\/a><\/td><td>Parksommer Chemnitz &#8211; Konzerte<\/td><\/tr><tr><td>20.04.2024 <br>19:30 Uhr <\/td><td><strong>Gala Concert<\/strong>: World premiere of &#8220;Expansion for solo piano&#8221; by Man-Ching Donald Yu (Hong Kong), 5th Vienna International Music Competition <\/td><td>Musikvereinsplatz 1,B\u00f6sendorferstra\u00dfe 12,A-1010 Wien<\/td><\/tr><\/tbody><\/table><\/figure>\n","protected":false},"excerpt":{"rendered":"<p>Termine Veranstaltung Ort 13.10.2026 20:00 Uhr Klavierabend &#8220;Klassik f\u00fcr die Sinne&#8221; Norddorfer Gemeindehaus, Henershuuch 5, 25946 Norddorf 07.10.202620:00 Zeitreise am Klavier &#8211; Teil 3 &hellip;<\/p>\n","protected":false},"author":1,"featured_media":0,"parent":0,"menu_order":0,"comment_status":"open","ping_status":"open","template":"","meta":{"footnotes":""},"class_list":["post-18","page","type-page","status-publish","hentry","no-format","no-excerpt"],"translation":{"provider":"WPGlobus","version":"2.8.11","language":"en","enabled_languages":["de","en"],"languages":{"de":{"title":true,"content":true,"excerpt":false},"en":{"title":false,"content":false,"excerpt":false}}},"_links":{"self":[{"href":"https:\/\/anna-heller.com\/en\/wp-json\/wp\/v2\/pages\/18","targetHints":{"allow":["GET"]}}],"collection":[{"href":"https:\/\/anna-heller.com\/en\/wp-json\/wp\/v2\/pages"}],"about":[{"href":"https:\/\/anna-heller.com\/en\/wp-json\/wp\/v2\/types\/page"}],"author":[{"embeddable":true,"href":"https:\/\/anna-heller.com\/en\/wp-json\/wp\/v2\/users\/1"}],"replies":[{"embeddable":true,"href":"https:\/\/anna-heller.com\/en\/wp-json\/wp\/v2\/comments?post=18"}],"version-history":[{"count":963,"href":"https:\/\/anna-heller.com\/en\/wp-json\/wp\/v2\/pages\/18\/revisions"}],"predecessor-version":[{"id":2738,"href":"https:\/\/anna-heller.com\/en\/wp-json\/wp\/v2\/pages\/18\/revisions\/2738"}],"wp:attachment":[{"href":"https:\/\/anna-heller.com\/en\/wp-json\/wp\/v2\/media?parent=18"}],"curies":[{"name":"wp","href":"https:\/\/api.w.org\/{rel}","templated":true}]}}